{"id":1566,"date":"2021-10-03T19:34:13","date_gmt":"2021-10-03T19:34:13","guid":{"rendered":"http:\/\/dsz.katowice.pl\/?page_id=1566"},"modified":"2021-10-11T12:25:48","modified_gmt":"2021-10-11T12:25:48","slug":"aborcja-2-copy-2","status":"publish","type":"page","link":"https:\/\/dsz.katowice.pl\/?page_id=1566","title":{"rendered":"DOKUMENTY KO\u015aCIO\u0141A POWSZECHNEGO"},"content":{"rendered":"\t\t<div data-elementor-type=\"wp-page\" data-elementor-id=\"1566\" class=\"elementor elementor-1566\" data-elementor-post-type=\"page\">\n\t\t\t\t\t\t<section class=\"elementor-section elementor-top-section elementor-element elementor-element-7a07205c elementor-section-full_width elementor-section-height-min-height elementor-section-items-stretch elementor-section-content-middle elementor-reverse-mobile elementor-section-height-default\" data-id=\"7a07205c\" data-element_type=\"section\" data-settings=\"{&quot;background_background&quot;:&quot;classic&quot;}\">\n\t\t\t\t\t\t<div class=\"elementor-container elementor-column-gap-no\">\n\t\t\t\t\t<div class=\"elementor-column elementor-col-50 elementor-top-column elementor-element elementor-element-395e0fe1\" data-id=\"395e0fe1\" data-element_type=\"column\" data-settings=\"{&quot;background_background&quot;:&quot;classic&quot;}\">\n\t\t\t<div class=\"elementor-widget-wrap elementor-element-populated\">\n\t\t\t\t\t\t<div class=\"elementor-element elementor-element-451cf26 elementor-widget elementor-widget-spacer\" data-id=\"451cf26\" data-element_type=\"widget\" data-widget_type=\"spacer.default\">\n\t\t\t\t<div class=\"elementor-widget-container\">\n\t\t\t\t\t\t\t<div class=\"elementor-spacer\">\n\t\t\t<div class=\"elementor-spacer-inner\"><\/div>\n\t\t<\/div>\n\t\t\t\t\t\t<\/div>\n\t\t\t\t<\/div>\n\t\t\t\t<div class=\"elementor-element elementor-element-c568d21 elementor-invisible elementor-widget elementor-widget-image\" data-id=\"c568d21\" data-element_type=\"widget\" data-settings=\"{&quot;_animation&quot;:&quot;fadeInLeft&quot;}\" data-widget_type=\"image.default\">\n\t\t\t\t<div class=\"elementor-widget-container\">\n\t\t\t\t\t\t\t\t\t\t\t\t\t\t\t<img decoding=\"async\" width=\"300\" height=\"127\" src=\"https:\/\/dsz.katowice.pl\/wp-content\/uploads\/2021\/10\/kokkosc-300x127.jpg\" class=\"attachment-medium size-medium wp-image-2037\" alt=\"\" srcset=\"https:\/\/dsz.katowice.pl\/wp-content\/uploads\/2021\/10\/kokkosc-300x127.jpg 300w, https:\/\/dsz.katowice.pl\/wp-content\/uploads\/2021\/10\/kokkosc-768x324.jpg 768w, https:\/\/dsz.katowice.pl\/wp-content\/uploads\/2021\/10\/kokkosc.jpg 900w\" sizes=\"(max-width: 300px) 100vw, 300px\" \/>\t\t\t\t\t\t\t\t\t\t\t\t\t\t\t<\/div>\n\t\t\t\t<\/div>\n\t\t\t\t\t<\/div>\n\t\t<\/div>\n\t\t\t\t<div class=\"elementor-column elementor-col-50 elementor-top-column elementor-element elementor-element-3cf6eeed\" data-id=\"3cf6eeed\" data-element_type=\"column\">\n\t\t\t<div class=\"elementor-widget-wrap elementor-element-populated\">\n\t\t\t\t\t\t<section class=\"elementor-section elementor-inner-section elementor-element elementor-element-5ecc54c elementor-section-boxed elementor-section-height-default elementor-section-height-default\" data-id=\"5ecc54c\" data-element_type=\"section\">\n\t\t\t\t\t\t<div class=\"elementor-container elementor-column-gap-default\">\n\t\t\t\t\t<div class=\"elementor-column elementor-col-100 elementor-inner-column elementor-element elementor-element-e2ce0d6\" data-id=\"e2ce0d6\" data-element_type=\"column\">\n\t\t\t<div class=\"elementor-widget-wrap elementor-element-populated\">\n\t\t\t\t\t\t<div class=\"elementor-element elementor-element-339daac5 elementor-invisible elementor-widget elementor-widget-heading\" data-id=\"339daac5\" data-element_type=\"widget\" data-settings=\"{&quot;_animation&quot;:&quot;fadeInRight&quot;}\" data-widget_type=\"heading.default\">\n\t\t\t\t<div class=\"elementor-widget-container\">\n\t\t\t\t\t<h4 class=\"elementor-heading-title elementor-size-default\">DOKUMENTY KO\u015aCIO\u0141A POWSZECHNEGO<\/h4>\t\t\t\t<\/div>\n\t\t\t\t<\/div>\n\t\t\t\t\t<\/div>\n\t\t<\/div>\n\t\t\t\t\t<\/div>\n\t\t<\/section>\n\t\t\t\t<div class=\"elementor-element elementor-element-5fe5afa5 elementor-invisible elementor-widget elementor-widget-text-editor\" data-id=\"5fe5afa5\" data-element_type=\"widget\" data-settings=\"{&quot;_animation&quot;:&quot;fadeInRight&quot;}\" data-widget_type=\"text-editor.default\">\n\t\t\t\t<div class=\"elementor-widget-container\">\n\t\t\t\t\t\t\t\t\t<ul><li><a href=\"http:\/\/dsz.katowice.pl\/?p=1512\"><strong>Familiaris consortio<\/strong>\u00a0&#8211; Adhortacja Jan Pawe\u0142 II &#8211; 1981<\/a><\/li><li><a href=\"http:\/\/dsz.katowice.pl\/?p=1520\"><strong>Reconciliatio et paenitentia<\/strong>\u00a0&#8211; Adhortacja Jan Pawe\u0142 II &#8211; 1984<\/a><\/li><li><a href=\"http:\/\/dsz.katowice.pl\/?p=1528\"><strong>Evangelium<\/strong>\u00a0<strong>vitae\u00a0<\/strong>&#8211; Encyklika Jan Pawe\u0142 II &#8211; 1995<\/a><\/li><li><a href=\"http:\/\/dsz.katowice.pl\/?p=1533\"><strong>Humanae vitae<\/strong>\u00a0&#8211; Encyklia Pawe\u0142 VI &#8211; 1968<\/a><\/li><li><a href=\"http:\/\/dsz.katowice.pl\/?p=1538\"><strong>Salvifici doloris<\/strong>\u00a0&#8211; List Apostolski Jan Pawe\u0142 II &#8211; 1984<\/a><\/li><li><a href=\"http:\/\/dsz.katowice.pl\/?p=1543\"><strong>Donum vitae<\/strong>\u00a0&#8211; Instrukcja Jan Pawe\u0142 II &#8211; 1987<\/a><\/li><li><a href=\"http:\/\/dsz.katowice.pl\/?p=1551\"><strong>Dignitas personae<\/strong>\u00a0&#8211; Instrukcja Benedykt XVI &#8211; 2008<\/a><\/li><li><a href=\"http:\/\/dsz.katowice.pl\/?p=1570\"><strong>Karta Pracownik\u00f3w S\u0142u\u017cby Zdrowia<\/strong>\u00a0&#8211; dokument Papieskiej Rady ds. Duszpasterstwa S\u0142u\u017cby Zdrowia &#8211; 1995<\/a><\/li><li><a href=\"http:\/\/dsz.katowice.pl\/wp-content\/uploads\/2021\/10\/NKPSZ.pdf\"><strong>Nowa Karta Pracownik\u00f3w S\u0142u\u017cby Zdrowia<\/strong>\u00a0&#8211; dokument Papieskiej Rady ds. Duszpasterstwa S\u0142u\u017cby Zdrowia &#8211; 2017<\/a><\/li><li><a href=\"http:\/\/dsz.katowice.pl\/?p=1559\">O wyzwaniach bioetycznych, przed kt\u00f3rymi stoi wsp\u00f3\u0142czesny cz\u0142owiek &#8211; dokument KEP &#8211; 2013<\/a><\/li><li><a href=\"http:\/\/dsz.katowice.pl\/?p=1563\"><strong>Kongregacja Nauki Wiary<\/strong>\u00a0&#8211; Nota na temat szczepionek &#8211; 2020<\/a>\u00a0<\/li><\/ul>\t\t\t\t\t\t\t\t<\/div>\n\t\t\t\t<\/div>\n\t\t\t\t\t<\/div>\n\t\t<\/div>\n\t\t\t\t\t<\/div>\n\t\t<\/section>\n\t\t\t\t<section class=\"elementor-section elementor-top-section elementor-element elementor-element-12855a92 elementor-section-height-min-height elementor-section-full_width elementor-section-items-stretch elementor-section-content-middle elementor-section-height-default elementor-invisible\" data-id=\"12855a92\" data-element_type=\"section\" data-settings=\"{&quot;background_background&quot;:&quot;classic&quot;,&quot;animation&quot;:&quot;fadeInUp&quot;}\">\n\t\t\t\t\t\t<div class=\"elementor-container elementor-column-gap-no\">\n\t\t\t\t\t<div class=\"elementor-column elementor-col-50 elementor-top-column elementor-element elementor-element-269004e3\" data-id=\"269004e3\" data-element_type=\"column\">\n\t\t\t<div class=\"elementor-widget-wrap elementor-element-populated\">\n\t\t\t\t\t\t<div class=\"elementor-element elementor-element-1c5353ee elementor-widget elementor-widget-heading\" data-id=\"1c5353ee\" data-element_type=\"widget\" data-widget_type=\"heading.default\">\n\t\t\t\t<div class=\"elementor-widget-container\">\n\t\t\t\t\t<p class=\"elementor-heading-title elementor-size-default\">POTRZEBUJESZ \nWSPARCIA ?<\/p>\t\t\t\t<\/div>\n\t\t\t\t<\/div>\n\t\t\t\t<div class=\"elementor-element elementor-element-35d42e1f elementor-widget elementor-widget-text-editor\" data-id=\"35d42e1f\" data-element_type=\"widget\" data-widget_type=\"text-editor.default\">\n\t\t\t\t<div class=\"elementor-widget-container\">\n\t\t\t\t\t\t\t\t\t<p>Duszpasterstwo s\u0142u\u017cby zdrowia sprawuje opiek\u0119 duszpastersk\u0105 nad lekarzami, piel\u0119gniarkami i po\u0142o\u017cnymi oraz kapelanami szpitali, zak\u0142ad\u00f3w opieki zdrowotnej i dom\u00f3w pomocy spo\u0142ecznej &#8211; jesli potrzebne Ci wsparcie &#8211; nie wahaj si\u0119 &#8211; po to jeste\u015bmy&#8230;<\/p>\t\t\t\t\t\t\t\t<\/div>\n\t\t\t\t<\/div>\n\t\t\t\t<div class=\"elementor-element elementor-element-5d1c568d elementor-align-center elementor-widget elementor-widget-button\" data-id=\"5d1c568d\" data-element_type=\"widget\" data-widget_type=\"button.default\">\n\t\t\t\t<div class=\"elementor-widget-container\">\n\t\t\t\t\t\t\t\t\t<div class=\"elementor-button-wrapper\">\n\t\t\t\t\t<a class=\"elementor-button elementor-button-link elementor-size-sm elementor-animation-hang\" href=\"#\">\n\t\t\t\t\t\t<span class=\"elementor-button-content-wrapper\">\n\t\t\t\t\t\t\t\t\t<span class=\"elementor-button-text\">SKONTAKTUJ SI\u0118 Z NAMI...<\/span>\n\t\t\t\t\t<\/span>\n\t\t\t\t\t<\/a>\n\t\t\t\t<\/div>\n\t\t\t\t\t\t\t\t<\/div>\n\t\t\t\t<\/div>\n\t\t\t\t\t<\/div>\n\t\t<\/div>\n\t\t\t\t<div class=\"elementor-column elementor-col-50 elementor-top-column elementor-element elementor-element-72a4ed26\" data-id=\"72a4ed26\" data-element_type=\"column\" data-settings=\"{&quot;background_background&quot;:&quot;classic&quot;}\">\n\t\t\t<div class=\"elementor-widget-wrap elementor-element-populated\">\n\t\t\t\t\t\t<div class=\"elementor-element elementor-element-1c6cd9b8 elementor-widget elementor-widget-spacer\" data-id=\"1c6cd9b8\" data-element_type=\"widget\" data-widget_type=\"spacer.default\">\n\t\t\t\t<div class=\"elementor-widget-container\">\n\t\t\t\t\t\t\t<div class=\"elementor-spacer\">\n\t\t\t<div class=\"elementor-spacer-inner\"><\/div>\n\t\t<\/div>\n\t\t\t\t\t\t<\/div>\n\t\t\t\t<\/div>\n\t\t\t\t\t<\/div>\n\t\t<\/div>\n\t\t\t\t\t<\/div>\n\t\t<\/section>\n\t\t\t\t<\/div>\n\t\t","protected":false},"excerpt":{"rendered":"<p>Familiaris consortio\u00a0&#8211; Adhortacja Jan Pawe\u0142 II &#8211; 1981 Reconciliatio et paenitentia\u00a0&#8211; Adhortacja Jan Pawe\u0142 II &#8211; 1984 Evangelium\u00a0vitae\u00a0&#8211; Encyklika Jan Pawe\u0142 II &#8211; 1995 Humanae vitae\u00a0&#8211; Encyklia Pawe\u0142 VI &#8211; 1968 Salvifici doloris\u00a0&#8211; List Apostolski Jan Pawe\u0142 II &#8211; 1984 Donum vitae\u00a0&#8211; Instrukcja Jan Pawe\u0142 II &#8211; 1987 Dignitas personae\u00a0&#8211; Instrukcja Benedykt XVI &#8211; 2008 [&hellip;]<\/p>\n","protected":false},"author":1,"featured_media":0,"parent":0,"menu_order":0,"comment_status":"closed","ping_status":"closed","template":"","meta":{"site-sidebar-layout":"default","site-content-layout":"default","ast-site-content-layout":"","site-content-style":"default","site-sidebar-style":"default","ast-global-header-display":"","ast-banner-title-visibility":"","ast-main-header-display":"","ast-hfb-above-header-display":"","ast-hfb-below-header-display":"","ast-hfb-mobile-header-display":"","site-post-title":"","ast-breadcrumbs-content":"","ast-featured-img":"","footer-sml-layout":"","theme-transparent-header-meta":"default","adv-header-id-meta":"","stick-header-meta":"","header-above-stick-meta":"","header-main-stick-meta":"","header-below-stick-meta":"","astra-migrate-meta-layouts":"default","ast-page-background-enabled":"default","ast-page-background-meta":{"desktop":{"background-color":"var(--ast-global-color-4)","background-image":"","background-repeat":"repeat","background-position":"center center","background-size":"auto","background-attachment":"scroll","background-type":"","background-media":"","overlay-type":"","overlay-color":"","overlay-opacity":"","overlay-gradient":""},"tablet":{"background-color":"","background-image":"","background-repeat":"repeat","background-position":"center center","background-size":"auto","background-attachment":"scroll","background-type":"","background-media":"","overlay-type":"","overlay-color":"","overlay-opacity":"","overlay-gradient":""},"mobile":{"background-color":"","background-image":"","background-repeat":"repeat","background-position":"center center","background-size":"auto","background-attachment":"scroll","background-type":"","background-media":"","overlay-type":"","overlay-color":"","overlay-opacity":"","overlay-gradient":""}},"ast-content-background-meta":{"desktop":{"background-color":"var(--ast-global-color-5)","background-image":"","background-repeat":"repeat","background-position":"center center","background-size":"auto","background-attachment":"scroll","background-type":"","background-media":"","overlay-type":"","overlay-color":"","overlay-opacity":"","overlay-gradient":""},"tablet":{"background-color":"var(--ast-global-color-5)","background-image":"","background-repeat":"repeat","background-position":"center center","background-size":"auto","background-attachment":"scroll","background-type":"","background-media":"","overlay-type":"","overlay-color":"","overlay-opacity":"","overlay-gradient":""},"mobile":{"background-color":"var(--ast-global-color-5)","background-image":"","background-repeat":"repeat","background-position":"center center","background-size":"auto","background-attachment":"scroll","background-type":"","background-media":"","overlay-type":"","overlay-color":"","overlay-opacity":"","overlay-gradient":""}},"footnotes":""},"class_list":["post-1566","page","type-page","status-publish","hentry"],"_links":{"self":[{"href":"https:\/\/dsz.katowice.pl\/index.php?rest_route=\/wp\/v2\/pages\/1566","targetHints":{"allow":["GET"]}}],"collection":[{"href":"https:\/\/dsz.katowice.pl\/index.php?rest_route=\/wp\/v2\/pages"}],"about":[{"href":"https:\/\/dsz.katowice.pl\/index.php?rest_route=\/wp\/v2\/types\/page"}],"author":[{"embeddable":true,"href":"https:\/\/dsz.katowice.pl\/index.php?rest_route=\/wp\/v2\/users\/1"}],"replies":[{"embeddable":true,"href":"https:\/\/dsz.katowice.pl\/index.php?rest_route=%2Fwp%2Fv2%2Fcomments&post=1566"}],"version-history":[{"count":7,"href":"https:\/\/dsz.katowice.pl\/index.php?rest_route=\/wp\/v2\/pages\/1566\/revisions"}],"predecessor-version":[{"id":2040,"href":"https:\/\/dsz.katowice.pl\/index.php?rest_route=\/wp\/v2\/pages\/1566\/revisions\/2040"}],"wp:attachment":[{"href":"https:\/\/dsz.katowice.pl\/index.php?rest_route=%2Fwp%2Fv2%2Fmedia&parent=1566"}],"curies":[{"name":"wp","href":"https:\/\/api.w.org\/{rel}","templated":true}]}}